{"id":4444,"date":"2021-02-08T16:30:13","date_gmt":"2021-02-08T15:30:13","guid":{"rendered":"https:\/\/b2b.radius-delta.com\/?page_id=4444"},"modified":"2021-02-09T12:05:06","modified_gmt":"2021-02-09T11:05:06","slug":"registrieren","status":"publish","type":"page","link":"https:\/\/b2b.radius-delta.com\/es\/registrieren\/","title":{"rendered":"registrieren"},"content":{"rendered":"<div data-elementor-type=\"wp-page\" data-elementor-id=\"4444\" class=\"elementor elementor-4444\" data-elementor-post-type=\"page\">\n\t\t\t\t\t\t<section class=\"elementor-section elementor-top-section elementor-element elementor-element-f3bc216 elementor-section-boxed elementor-section-height-default elementor-section-height-default\" data-id=\"f3bc216\" data-element_type=\"section\" data-settings=\"{&quot;_ha_eqh_enable&quot;:false}\">\n\t\t\t\t\t\t<div class=\"elementor-container elementor-column-gap-default\">\n\t\t\t\t\t<div class=\"elementor-column elementor-col-25 elementor-top-column elementor-element elementor-element-131d558\" data-id=\"131d558\" data-element_type=\"column\">\n\t\t\t<div class=\"elementor-widget-wrap\">\n\t\t\t\t\t\t\t<\/div>\n\t\t<\/div>\n\t\t\t\t<div class=\"elementor-column elementor-col-50 elementor-top-column elementor-element elementor-element-199a2bf\" data-id=\"199a2bf\" data-element_type=\"column\">\n\t\t\t<div class=\"elementor-widget-wrap elementor-element-populated\">\n\t\t\t\t\t\t<div class=\"elementor-element elementor-element-ae3a3b4 elementor-widget elementor-widget-image\" data-id=\"ae3a3b4\" data-element_type=\"widget\" data-widget_type=\"image.default\">\n\t\t\t\t<div class=\"elementor-widget-container\">\n\t\t\t\t\t\t\t\t\t\t\t\t\t<img decoding=\"async\" width=\"160\" height=\"77\" src=\"https:\/\/b2b.radius-delta.com\/wp-content\/uploads\/2020\/12\/cropped-RadiusLogo_160x77Px_PNG.png\" class=\"attachment-large size-large wp-image-4100\" alt=\"\" srcset=\"https:\/\/b2b.radius-delta.com\/wp-content\/uploads\/2020\/12\/cropped-RadiusLogo_160x77Px_PNG.png 160w, https:\/\/b2b.radius-delta.com\/wp-content\/uploads\/2020\/12\/cropped-RadiusLogo_160x77Px_PNG-16x8.png 16w\" sizes=\"(max-width: 160px) 100vw, 160px\" \/>\t\t\t\t\t\t\t\t\t\t\t\t\t<\/div>\n\t\t\t\t<\/div>\n\t\t\t\t<div class=\"elementor-element elementor-element-2982733 eael-wpforms-labels-yes eael-wpforms-form-button-custom elementor-widget elementor-widget-eael-wpforms\" data-id=\"2982733\" data-element_type=\"widget\" data-widget_type=\"eael-wpforms.default\">\n\t\t\t\t<div class=\"elementor-widget-container\">\n\t\t\t            <div class=\"eael-contact-form eael-wpforms eael-contact-form-align-default\">\n                                <div class=\"wpforms-container wpforms-container-full\" id=\"wpforms-4443\"><form id=\"wpforms-form-4443\" class=\"wpforms-validate wpforms-form\" data-formid=\"4443\" method=\"post\" enctype=\"multipart\/form-data\" action=\"\/es\/wp-json\/wp\/v2\/pages\/4444\" data-token=\"3bbcc8620dab24779f6eba020cd28b8a\" data-trp-original-action=\"\/es\/wp-json\/wp\/v2\/pages\/4444\"><div class=\"wpforms-head-container\"><\/div><noscript class=\"wpforms-error-noscript\">Por favor, activa JavaScript en tu navegador para completar este formulario.<\/noscript><div class=\"wpforms-field-container\"><div id=\"wpforms-4443-field_1-container\" class=\"wpforms-field wpforms-field-name\" data-field-id=\"1\"><label class=\"wpforms-field-label\" for=\"wpforms-4443-field_1\">Nombre <span class=\"wpforms-required-label\">*<\/span><\/label><div class=\"wpforms-field-row wpforms-field-large\"><div class=\"wpforms-field-row-block wpforms-first wpforms-one-half\"><input type=\"text\" id=\"wpforms-4443-field_1\" class=\"wpforms-field-name-first wpforms-field-required\" name=\"wpforms[fields][1][first]\" required><label for=\"wpforms-4443-field_1\" class=\"wpforms-field-sublabel after\">Nombre<\/label><\/div><div class=\"wpforms-field-row-block wpforms-one-half\"><input type=\"text\" id=\"wpforms-4443-field_1-last\" class=\"wpforms-field-name-last wpforms-field-required\" name=\"wpforms[fields][1][last]\" required><label for=\"wpforms-4443-field_1-last\" class=\"wpforms-field-sublabel after\">Apellidos<\/label><\/div><\/div><\/div><div id=\"wpforms-4443-field_2-container\" class=\"wpforms-field wpforms-field-text\" data-field-id=\"2\"><label class=\"wpforms-field-label\" for=\"wpforms-4443-field_2\">Nombre de usuario <span class=\"wpforms-required-label\">*<\/span><\/label><input type=\"text\" id=\"wpforms-4443-field_2\" class=\"wpforms-field-large wpforms-field-required\" name=\"wpforms[fields][2]\" required><\/div><div id=\"wpforms-4443-field_3-container\" class=\"wpforms-field wpforms-field-email\" data-field-id=\"3\"><label class=\"wpforms-field-label\" for=\"wpforms-4443-field_3\">Env\u00ede un correo electr\u00f3nico a <span class=\"wpforms-required-label\">*<\/span><\/label><input type=\"email\" id=\"wpforms-4443-field_3\" class=\"wpforms-field-large wpforms-field-required\" name=\"wpforms[fields][3]\" required><\/div><div id=\"wpforms-4443-field_8-container\" class=\"wpforms-field wpforms-field-url\" data-field-id=\"8\"><label class=\"wpforms-field-label\" for=\"wpforms-4443-field_8\">Sitio web \/ URL <span class=\"wpforms-required-label\">*<\/span><\/label><input type=\"url\" id=\"wpforms-4443-field_8\" class=\"wpforms-field-large wpforms-field-required\" name=\"wpforms[fields][8]\" required><\/div><div id=\"wpforms-4443-field_4-container\" class=\"wpforms-field wpforms-field-password\" data-field-id=\"4\"><label class=\"wpforms-field-label\" for=\"wpforms-4443-field_4\">Contrase\u00f1a <span class=\"wpforms-required-label\">*<\/span><\/label><div class=\"wpforms-field-row wpforms-field-large\"><div class=\"wpforms-field-row-block wpforms-one-half wpforms-first\"><input type=\"password\" id=\"wpforms-4443-field_4\" class=\"wpforms-field-required wpforms-field-password-primary\" name=\"wpforms[fields][4][primary]\" required><label for=\"wpforms-4443-field_4\" class=\"wpforms-field-sublabel after\">Contrase\u00f1a<\/label><\/div><div class=\"wpforms-field-row-block wpforms-one-half\"><input type=\"password\" id=\"wpforms-4443-field_4-secondary\" class=\"wpforms-field-password-secondary wpforms-field-required\" data-rule-confirm=\"#wpforms-4443-field_4\" name=\"wpforms[fields][4][secondary]\" required><label for=\"wpforms-4443-field_4-secondary\" class=\"wpforms-field-sublabel after\">Confirmar contrase\u00f1a<\/label><\/div><\/div><\/div><div id=\"wpforms-4443-field_6-container\" class=\"wpforms-field wpforms-field-address\" data-field-id=\"6\"><label class=\"wpforms-field-label\" for=\"wpforms-4443-field_6\">Direcci\u00f3n <span class=\"wpforms-required-label\">*<\/span><\/label><div class=\"wpforms-field-row wpforms-field-large\"><div ><input type=\"text\" id=\"wpforms-4443-field_6\" class=\"wpforms-field-address-address1 wpforms-field-required\" name=\"wpforms[fields][6][address1]\" placeholder=\"Strase\" required><label for=\"wpforms-4443-field_6\" class=\"wpforms-field-sublabel after wpforms-sublabel-hide\">Direcci\u00f3n (l\u00ednea 1)<\/label><\/div><\/div><div class=\"wpforms-field-row wpforms-field-large\"><div class=\"wpforms-field-row-block wpforms-one-half wpforms-first\"><input type=\"text\" id=\"wpforms-4443-field_6-city\" class=\"wpforms-field-address-city wpforms-field-required\" name=\"wpforms[fields][6][city]\" placeholder=\"Ubicaci\u00f3n\" required><label for=\"wpforms-4443-field_6-city\" class=\"wpforms-field-sublabel after wpforms-sublabel-hide\">Ciudad<\/label><\/div><div class=\"wpforms-field-row-block wpforms-one-half\"><input type=\"text\" id=\"wpforms-4443-field_6-state\" class=\"wpforms-field-address-state wpforms-field-required\" name=\"wpforms[fields][6][state]\" placeholder=\"Regi\u00f3n\" required><label for=\"wpforms-4443-field_6-state\" class=\"wpforms-field-sublabel after wpforms-sublabel-hide\">Estado \/ Provincia \/ Regi\u00f3n<\/label><\/div><\/div><div class=\"wpforms-field-row wpforms-field-large\"><div class=\"wpforms-field-row-block wpforms-one-half wpforms-first\"><input type=\"text\" id=\"wpforms-4443-field_6-postal\" class=\"wpforms-field-address-postal wpforms-field-required\" name=\"wpforms[fields][6][postal]\" placeholder=\"C\u00d3DIGO POSTAL\" required><label for=\"wpforms-4443-field_6-postal\" class=\"wpforms-field-sublabel after wpforms-sublabel-hide\">C\u00f3digo postal<\/label><\/div><div class=\"wpforms-field-row-block wpforms-one-half\"><select id=\"wpforms-4443-field_6-country\" class=\"wpforms-field-address-country wpforms-field-required\" name=\"wpforms[fields][6][country]\" value=\"Schweiz\" required><option value=\"AF\" >Afganist\u00e1n<\/option><option value=\"AL\" >Albania<\/option><option value=\"DE\" >Alemania<\/option><option value=\"AD\" >Andorra<\/option><option value=\"AO\" >Angola<\/option><option value=\"AI\" >Anguila<\/option><option value=\"AG\" >Antigua y Barbuda<\/option><option value=\"AQ\" >Ant\u00e1rtica<\/option><option value=\"DZ\" >Argelia<\/option><option value=\"AR\" >Argentina<\/option><option value=\"AM\" >Armenia<\/option><option value=\"AW\" >Aruba<\/option><option value=\"AU\" >Australia<\/option><option value=\"AT\" >Austria<\/option><option value=\"AZ\" >Azerbaiy\u00e1n<\/option><option value=\"BS\" >Bahamas<\/option><option value=\"BD\" >Bangladesh<\/option><option value=\"BB\" >Barbados<\/option><option value=\"BH\" >Bar\u00e9in<\/option><option value=\"BZ\" >Belice<\/option><option value=\"BJ\" >Ben\u00edn<\/option><option value=\"BM\" >Bermudas<\/option><option value=\"BY\" >Bielorrusia<\/option><option value=\"BO\" >Bolivia (Estado Plurinacional de)<\/option><option value=\"BQ\" >Bonaire, San Eustaquio y Saba<\/option><option value=\"BA\" >Bosnia y Herzegovina<\/option><option value=\"BW\" >Botswana<\/option><option value=\"BR\" >Brasil<\/option><option value=\"BN\" >Brunei Darussalam<\/option><option value=\"BG\" >Bulgaria<\/option><option value=\"BF\" >Burkina Faso<\/option><option value=\"BI\" >Burundi<\/option><option value=\"BT\" >But\u00e1n<\/option><option value=\"BE\" >B\u00e9lgica<\/option><option value=\"CV\" >Cabo Verde<\/option><option value=\"KH\" >Camboya<\/option><option value=\"CM\" >Camer\u00fan<\/option><option value=\"CA\" >Canad\u00e1<\/option><option value=\"TD\" >Chad<\/option><option value=\"CL\" >Chile<\/option><option value=\"CN\" >China<\/option><option value=\"CY\" >Chipre<\/option><option value=\"CO\" >Colombia<\/option><option value=\"KM\" >Comoras<\/option><option value=\"CG\" >Congo<\/option><option value=\"CD\" >Congo (Rep\u00fablica Democr\u00e1tica del)<\/option><option value=\"KR\" >Corea (Rep\u00fablica de)<\/option><option value=\"KP\" >Corea del Norte<\/option><option value=\"CR\" >Costa Rica<\/option><option value=\"CI\" >Costa de Marfil<\/option><option value=\"HR\" >Croacia<\/option><option value=\"CU\" >Cuba<\/option><option value=\"CW\" >Curazao<\/option><option value=\"DK\" >Dinamarca<\/option><option value=\"DM\" >Dominica<\/option><option value=\"EC\" >Ecuador<\/option><option value=\"EG\" >Egipto<\/option><option value=\"SV\" >El Salvador<\/option><option value=\"AE\" >Emiratos \u00c1rabes Unidos<\/option><option value=\"ER\" >Eritrea<\/option><option value=\"SK\" >Eslovaquia<\/option><option value=\"SI\" >Eslovenia<\/option><option value=\"ES\" >Espa\u00f1a<\/option><option value=\"VA\" >Estado de la Ciudad del Vaticano<\/option><option value=\"US\" >Estados Unidos de Am\u00e9rica<\/option><option value=\"EE\" >Estonia<\/option><option value=\"ET\" >Etiop\u00eda<\/option><option value=\"RU\" >Federaci\u00f3n Rusa<\/option><option value=\"FJ\" >Fiji<\/option><option value=\"PH\" >Filipinas<\/option><option value=\"FI\" >Finlandia<\/option><option value=\"FR\" >Francia<\/option><option value=\"GA\" >Gab\u00f3n<\/option><option value=\"GM\" >Gambia<\/option><option value=\"GE\" >Georgia<\/option><option value=\"GH\" >Ghana<\/option><option value=\"GI\" >Gibraltar<\/option><option value=\"GD\" >Granada<\/option><option value=\"GR\" >Grecia<\/option><option value=\"GL\" >Groenlandia<\/option><option value=\"GP\" >Guadalupe<\/option><option value=\"GU\" >Guam<\/option><option value=\"GT\" >Guatemala<\/option><option value=\"GF\" >Guayana francesa<\/option><option value=\"GG\" >Guernsey<\/option><option value=\"GN\" >Guinea<\/option><option value=\"GQ\" >Guinea Ecuatorial<\/option><option value=\"GW\" >Guinea-Bis\u00e1u<\/option><option value=\"GY\" >Guyana<\/option><option value=\"HT\" >Hait\u00ed<\/option><option value=\"HN\" >Honduras<\/option><option value=\"HK\" >Hong Kong<\/option><option value=\"HU\" >Hungr\u00eda<\/option><option value=\"IN\" >India<\/option><option value=\"ID\" >Indonesia<\/option><option value=\"IQ\" >Iraq<\/option><option value=\"IE\" >Irlanda (Rep\u00fablica de)<\/option><option value=\"IR\" >Ir\u00e1n (Rep\u00fablica Isl\u00e1mica de)<\/option><option value=\"BV\" >Isla Bouvet<\/option><option value=\"NF\" >Isla Norfolk<\/option><option value=\"IM\" >Isla de Man<\/option><option value=\"CX\" >Isla de Navidad<\/option><option value=\"IS\" >Islandia<\/option><option value=\"KY\" >Islas Caim\u00e1n<\/option><option value=\"CC\" >Islas Cocos<\/option><option value=\"CK\" >Islas Cook<\/option><option value=\"FO\" >Islas Feroe<\/option><option value=\"HM\" >Islas Heard y McDonald<\/option><option value=\"FK\" >Islas Malvinas (Falkland)<\/option><option value=\"MP\" >Islas Marianas del Norte<\/option><option value=\"MH\" >Islas Marshall<\/option><option value=\"SB\" >Islas Salom\u00f3n<\/option><option value=\"TC\" >Turcas y Caicos<\/option><option value=\"UM\" >Islas Ultramarinas Menores de Estados Unidos<\/option><option value=\"VI\" >Islas V\u00edrgenes (EE.UU.)<\/option><option value=\"VG\" >Islas V\u00edrgenes (brit\u00e1nicas)<\/option><option value=\"GS\" >Islas del sur de Georgia y del sur de Sandwich<\/option><option value=\"AX\" >Islas \u00c5land<\/option><option value=\"IL\" >Israel<\/option><option value=\"IT\" >Italia<\/option><option value=\"JM\" >Jamaica<\/option><option value=\"JP\" >Jap\u00f3n<\/option><option value=\"JE\" >Jersey<\/option><option value=\"JO\" >Jordania<\/option><option value=\"QA\" >Qatar<\/option><option value=\"KZ\" >Kazajist\u00e1n<\/option><option value=\"KE\" >Kenia<\/option><option value=\"KG\" >Kirguist\u00e1n<\/option><option value=\"KI\" >Kiribati<\/option><option value=\"XK\" >Kosovo<\/option><option value=\"KW\" >Kuwait<\/option><option value=\"LS\" >Lesoto<\/option><option value=\"LV\" >Letonia<\/option><option value=\"LR\" >Liberia<\/option><option value=\"LY\" >Libia<\/option><option value=\"LI\" >Liechtenstein<\/option><option value=\"LT\" >Lituania<\/option><option value=\"LU\" >Luxembourgo<\/option><option value=\"LB\" >L\u00edbano<\/option><option value=\"MO\" >Macao<\/option><option value=\"MK\" >Macedonia del Norte (Rep\u00fablica de)<\/option><option value=\"MG\" >Madagascar<\/option><option value=\"MY\" >Malasia<\/option><option value=\"MW\" >Malaui<\/option><option value=\"MV\" >Maldivas<\/option><option value=\"ML\" >Mali<\/option><option value=\"MT\" >Malta<\/option><option value=\"MA\" >Marruecos<\/option><option value=\"MQ\" >Martinica<\/option><option value=\"MU\" >Mauricio<\/option><option value=\"MR\" >Mauritania<\/option><option value=\"YT\" >Mayotte<\/option><option value=\"FM\" >Micronesia (Estados Federados de)<\/option><option value=\"MD\" >Moldavia (Rep\u00fablica de)<\/option><option value=\"MN\" >Mongolia<\/option><option value=\"ME\" >Montenegro<\/option><option value=\"MS\" >Montserrat<\/option><option value=\"MZ\" >Mozambique<\/option><option value=\"MM\" >Myanmar<\/option><option value=\"MX\" >M\u00e9xico<\/option><option value=\"MC\" >M\u00f3naco<\/option><option value=\"NA\" >Namibia<\/option><option value=\"NR\" >Nauru<\/option><option value=\"NP\" >Nepal<\/option><option value=\"NI\" >Nicaragua<\/option><option value=\"NG\" >Nigeria<\/option><option value=\"NU\" >Niue<\/option><option value=\"NO\" >Noruega<\/option><option value=\"NC\" >Nueva Caledonia<\/option><option value=\"NZ\" >Nueva Zelanda<\/option><option value=\"NE\" >N\u00edger<\/option><option value=\"OM\" >Om\u00e1n<\/option><option value=\"PK\" >Pakist\u00e1n<\/option><option value=\"PW\" >Palau<\/option><option value=\"PS\" >Palestina (Estado de)<\/option><option value=\"PA\" >Panam\u00e1<\/option><option value=\"PG\" >Pap\u00faa Nueva Guinea<\/option><option value=\"PY\" >Paraguay<\/option><option value=\"NL\" >Pa\u00edses Bajos<\/option><option value=\"PE\" >Per\u00fa<\/option><option value=\"PN\" >Pitcairn<\/option><option value=\"PF\" >Polinesia Francesa<\/option><option value=\"PL\" >Polonia<\/option><option value=\"PT\" >Portugal<\/option><option value=\"PR\" >Puerto Rico<\/option><option value=\"GB\" >Reino Unido de Gran Breta\u00f1a e Irlanda del Norte<\/option><option value=\"CF\" >Rep\u00fablica Central de \u00c1frica<\/option><option value=\"CZ\" >Rep\u00fablica Checa<\/option><option value=\"DO\" >Rep\u00fablica Dominicana<\/option><option value=\"LA\" >Rep\u00fablica Popular Democr\u00e1tica de Laos<\/option><option value=\"SY\" >Rep\u00fablica \u00c1rabe Siria<\/option><option value=\"RE\" >Reuni\u00f3n<\/option><option value=\"RW\" >Ruanda<\/option><option value=\"RO\" >Ruman\u00eda<\/option><option value=\"KN\" >San Crist\u00f3bal y Nieves<\/option><option value=\"WS\" >Samoa<\/option><option value=\"AS\" >Americana de Samoa<\/option><option value=\"BL\" >San Bartolom\u00e9<\/option><option value=\"SM\" >San Marino<\/option><option value=\"MF\" >San Mart\u00edn (parte francesa)<\/option><option value=\"SX\" >San Mart\u00edn (parte holandesa)<\/option><option value=\"PM\" >San Pedro y Miquel\u00f3n<\/option><option value=\"VC\" >San Vicente y las Granadinas<\/option><option value=\"SH\" >Santa Elena, Ascensi\u00f3n y Trist\u00e1n de Acu\u00f1a<\/option><option value=\"LC\" >Santa Luc\u00eda<\/option><option value=\"ST\" >Santo Tom\u00e9 y Pr\u00edncipe<\/option><option value=\"SA\" >Arabia Saud\u00ed<\/option><option value=\"SN\" >Senegal<\/option><option value=\"RS\" >Serbia<\/option><option value=\"SC\" >Seychelles<\/option><option value=\"SL\" >Sierra Leona<\/option><option value=\"SG\" >Singapur<\/option><option value=\"SO\" >Somalia<\/option><option value=\"LK\" >Sri Lanka<\/option><option value=\"SZ\" >Suazilandia (Reino de)<\/option><option value=\"ZA\" >Sud\u00e1frica<\/option><option value=\"SD\" >Sud\u00e1n<\/option><option value=\"SS\" >Sud\u00e1n del sur<\/option><option value=\"SE\" >Suecia<\/option><option value=\"CH\" >Suiza<\/option><option value=\"SR\" >Surinam<\/option><option value=\"SJ\" >Svalbard y Jan Mayen<\/option><option value=\"EH\" >S\u00e1hara Occidental<\/option><option value=\"TH\" >Tailandia<\/option><option value=\"TW\" >Taiw\u00e1n, Rep\u00fablica de China<\/option><option value=\"TZ\" >Tanzania (Rep\u00fablica Unida de)<\/option><option value=\"TJ\" >Tayikist\u00e1n<\/option><option value=\"IO\" >Territorio Brit\u00e1nico del Oc\u00e9ano \u00cdndico<\/option><option value=\"TF\" >Tierras Australes y Ant\u00e1rticas Francesas<\/option><option value=\"TL\" >Timor-Leste<\/option><option value=\"TG\" >Togo<\/option><option value=\"TK\" >Tokelau<\/option><option value=\"TO\" >Tonga<\/option><option value=\"TT\" >Trinidad y Tobago<\/option><option value=\"TR\" >Turkey<\/option><option value=\"TM\" >Turkmenist\u00e1n<\/option><option value=\"TV\" >Tuvalu<\/option><option value=\"TN\" >T\u00fanez<\/option><option value=\"UA\" >Ucrania<\/option><option value=\"UG\" >Uganda<\/option><option value=\"UY\" >Uruguay<\/option><option value=\"UZ\" >Uzbekist\u00e1n<\/option><option value=\"VU\" >Vanuatu<\/option><option value=\"VE\" >Venezuela (Rep\u00fablica Bolivariana de)<\/option><option value=\"VN\" >Vietnam<\/option><option value=\"WF\" >Wallis y Futuna<\/option><option value=\"YE\" >Yemen<\/option><option value=\"DJ\" >Yibuti<\/option><option value=\"ZM\" >Zambia<\/option><option value=\"ZW\" >Zimbabue<\/option><\/select><label for=\"wpforms-4443-field_6-country\" class=\"wpforms-field-sublabel after wpforms-sublabel-hide\">Pa\u00eds<\/label><\/div><\/div><\/div><div id=\"wpforms-4443-field_7-container\" class=\"wpforms-field wpforms-field-textarea\" data-field-id=\"7\"><label class=\"wpforms-field-label\" for=\"wpforms-4443-field_7\">\u00bfPor qu\u00e9 quiere convertirse en revendedor? <span class=\"wpforms-required-label\">*<\/span><\/label><textarea id=\"wpforms-4443-field_7\" class=\"wpforms-field-medium wpforms-field-required\" name=\"wpforms[fields][7]\" required><\/textarea><\/div><\/div><div class=\"wpforms-submit-container\"><input type=\"hidden\" name=\"wpforms[id]\" value=\"4443\"><input type=\"hidden\" name=\"wpforms[author]\" value=\"24\"><button type=\"submit\" name=\"wpforms[submit]\" id=\"wpforms-submit-4443\" class=\"wpforms-submit\" aria-live=\"assertive\" value=\"wpforms-submit\">Solicitud de cuenta de revendedor<\/button><\/div><input type=\"hidden\" name=\"trp-form-language\" value=\"es\"\/><\/form><\/div>  <!-- .wpforms-container -->            <\/div>\n\t\t<\/div>\n\t\t\t\t<\/div>\n\t\t\t\t<div class=\"elementor-element elementor-element-0b8ad51 elementor-widget elementor-widget-text-editor\" data-id=\"0b8ad51\" data-element_type=\"widget\" data-widget_type=\"text-editor.default\">\n\t\t\t\t<div class=\"elementor-widget-container\">\n\t\t\t\t\t\t\t<p>\u00bfYa tienes una cuenta?<\/p>\t\t\t\t\t\t<\/div>\n\t\t\t\t<\/div>\n\t\t\t\t<div class=\"elementor-element elementor-element-d23143e elementor-align-center elementor-widget elementor-widget-button\" data-id=\"d23143e\" data-element_type=\"widget\" data-widget_type=\"button.default\">\n\t\t\t\t<div class=\"elementor-widget-container\">\n\t\t\t\t\t<div class=\"elementor-button-wrapper\">\n\t\t\t<a class=\"elementor-button elementor-button-link elementor-size-sm\" href=\"https:\/\/b2b.radius-delta.com\/es\/login\/\">\n\t\t\t\t\t\t<span class=\"elementor-button-content-wrapper\">\n\t\t\t\t\t\t\t\t\t<span class=\"elementor-button-text\">Reg\u00edstrese ahora<\/span>\n\t\t\t\t\t<\/span>\n\t\t\t\t\t<\/a>\n\t\t<\/div>\n\t\t\t\t<\/div>\n\t\t\t\t<\/div>\n\t\t\t\t\t<\/div>\n\t\t<\/div>\n\t\t\t\t<div class=\"elementor-column elementor-col-25 elementor-top-column elementor-element elementor-element-ff047c4\" data-id=\"ff047c4\" data-element_type=\"column\">\n\t\t\t<div class=\"elementor-widget-wrap\">\n\t\t\t\t\t\t\t<\/div>\n\t\t<\/div>\n\t\t\t\t\t<\/div>\n\t\t<\/section>\n\t\t\t\t<\/div>","protected":false},"excerpt":{"rendered":"<p>Bitte aktiviere JavaScript in deinem Browser, um dieses Formular fertigzustellen.Name *VornameNachnameBenutzername *E-Mail *Passwort *PasswortPasswort best\u00e4tigenAddressAddress Line 1Address Line 2CityState \/ Province \/ RegionPostal CodeAfghanistanAlbanienAlgerienAmerikanisch-SamoaAmerikanische JungferninselnAndorraAngolaAnguillaAntarktisAntigua und BarbudaArgentinienArmenienArubaAserbaidschanAustralienBahamasBahrainBangladeshBarbadosBelgienBelizeBeninBermudaBhutanBolivien (Plurinationaler Staat)Bosnien und HerzegowinaBotswanaBouvetinselBrasilienBritische JungferninselnBritisches Territorium im Indischen OzeanBrunei DarussalamBulgarienBurkina FasoBurundiCabo VerdeCaymen InselnChileChinaCookinselnCosta RicaCura\u00e7aoC\u00f4te d&#039;IvoireDemokratische Volksrepublik LaosDeutschlandDjiboutiDominicaDominikanische RepublikD\u00e4nemarkEcuadorEl SalvadorEritreaEstlandEswatini (Kingdom of)Falklandinseln (Malwinen)FidschiFinnlandFrankreichFranz\u00f6sisch-GuayanaFranz\u00f6sisch-PolynesienFranz\u00f6sische S\u00fcd- und AntarktisgebieteFutuna (Wallis und Futuna)F\u00e4r\u00f6er-InselnGabunGambiaGeorgiaGhanaGibraltarGrenadaGriechenlandGr\u00f6nlandGuadeloupeGuamGuatemalaGuernseyGuineaGuinea-BissauGuyanaHaitiHeard [&hellip;]<\/p>","protected":false},"author":24,"featured_media":0,"parent":0,"menu_order":0,"comment_status":"closed","ping_status":"closed","template":"","meta":{"footnotes":""},"class_list":["post-4444","page","type-page","status-publish","hentry"],"_links":{"self":[{"href":"https:\/\/b2b.radius-delta.com\/es\/wp-json\/wp\/v2\/pages\/4444","targetHints":{"allow":["GET"]}}],"collection":[{"href":"https:\/\/b2b.radius-delta.com\/es\/wp-json\/wp\/v2\/pages"}],"about":[{"href":"https:\/\/b2b.radius-delta.com\/es\/wp-json\/wp\/v2\/types\/page"}],"author":[{"embeddable":true,"href":"https:\/\/b2b.radius-delta.com\/es\/wp-json\/wp\/v2\/users\/24"}],"replies":[{"embeddable":true,"href":"https:\/\/b2b.radius-delta.com\/es\/wp-json\/wp\/v2\/comments?post=4444"}],"version-history":[{"count":22,"href":"https:\/\/b2b.radius-delta.com\/es\/wp-json\/wp\/v2\/pages\/4444\/revisions"}],"predecessor-version":[{"id":4711,"href":"https:\/\/b2b.radius-delta.com\/es\/wp-json\/wp\/v2\/pages\/4444\/revisions\/4711"}],"wp:attachment":[{"href":"https:\/\/b2b.radius-delta.com\/es\/wp-json\/wp\/v2\/media?parent=4444"}],"curies":[{"name":"wp","href":"https:\/\/api.w.org\/{rel}","templated":true}]}}