{"id":4444,"date":"2021-02-08T16:30:13","date_gmt":"2021-02-08T15:30:13","guid":{"rendered":"https:\/\/b2b.radius-delta.com\/?page_id=4444"},"modified":"2021-02-09T12:05:06","modified_gmt":"2021-02-09T11:05:06","slug":"registrieren","status":"publish","type":"page","link":"http:\/\/b2b.radius-delta.com\/fr\/registrieren\/","title":{"rendered":"registrieren"},"content":{"rendered":"<div data-elementor-type=\"wp-page\" data-elementor-id=\"4444\" class=\"elementor elementor-4444\" data-elementor-post-type=\"page\">\n\t\t\t\t\t\t<section class=\"elementor-section elementor-top-section elementor-element elementor-element-f3bc216 elementor-section-boxed elementor-section-height-default elementor-section-height-default\" data-id=\"f3bc216\" data-element_type=\"section\" data-settings=\"{&quot;_ha_eqh_enable&quot;:false}\">\n\t\t\t\t\t\t<div class=\"elementor-container elementor-column-gap-default\">\n\t\t\t\t\t<div class=\"elementor-column elementor-col-25 elementor-top-column elementor-element elementor-element-131d558\" data-id=\"131d558\" data-element_type=\"column\">\n\t\t\t<div class=\"elementor-widget-wrap\">\n\t\t\t\t\t\t\t<\/div>\n\t\t<\/div>\n\t\t\t\t<div class=\"elementor-column elementor-col-50 elementor-top-column elementor-element elementor-element-199a2bf\" data-id=\"199a2bf\" data-element_type=\"column\">\n\t\t\t<div class=\"elementor-widget-wrap elementor-element-populated\">\n\t\t\t\t\t\t<div class=\"elementor-element elementor-element-ae3a3b4 elementor-widget elementor-widget-image\" data-id=\"ae3a3b4\" data-element_type=\"widget\" data-widget_type=\"image.default\">\n\t\t\t\t<div class=\"elementor-widget-container\">\n\t\t\t\t\t\t\t\t\t\t\t\t\t<img decoding=\"async\" width=\"160\" height=\"77\" src=\"http:\/\/b2b.radius-delta.com\/wp-content\/uploads\/2020\/12\/cropped-RadiusLogo_160x77Px_PNG.png\" class=\"attachment-large size-large wp-image-4100\" alt=\"\" srcset=\"http:\/\/b2b.radius-delta.com\/wp-content\/uploads\/2020\/12\/cropped-RadiusLogo_160x77Px_PNG.png 160w, http:\/\/b2b.radius-delta.com\/wp-content\/uploads\/2020\/12\/cropped-RadiusLogo_160x77Px_PNG-16x8.png 16w\" sizes=\"(max-width: 160px) 100vw, 160px\" \/>\t\t\t\t\t\t\t\t\t\t\t\t\t<\/div>\n\t\t\t\t<\/div>\n\t\t\t\t<div class=\"elementor-element elementor-element-2982733 eael-wpforms-labels-yes eael-wpforms-form-button-custom elementor-widget elementor-widget-eael-wpforms\" data-id=\"2982733\" data-element_type=\"widget\" data-widget_type=\"eael-wpforms.default\">\n\t\t\t\t<div class=\"elementor-widget-container\">\n\t\t\t            <div class=\"eael-contact-form eael-wpforms eael-contact-form-align-default\">\n                                <div class=\"wpforms-container wpforms-container-full\" id=\"wpforms-4443\"><form id=\"wpforms-form-4443\" class=\"wpforms-validate wpforms-form\" data-formid=\"4443\" method=\"post\" enctype=\"multipart\/form-data\" action=\"\/fr\/wp-json\/wp\/v2\/pages\/4444\" data-token=\"be20d522c6ed9b6c22d3be4ffa3c2306\" data-trp-original-action=\"\/fr\/wp-json\/wp\/v2\/pages\/4444\"><div class=\"wpforms-head-container\"><\/div><noscript class=\"wpforms-error-noscript\">Veuillez activer JavaScript dans votre navigateur pour remplir ce formulaire.<\/noscript><div class=\"wpforms-field-container\"><div id=\"wpforms-4443-field_1-container\" class=\"wpforms-field wpforms-field-name\" data-field-id=\"1\"><label class=\"wpforms-field-label\" for=\"wpforms-4443-field_1\">Nom <span class=\"wpforms-required-label\">*<\/span><\/label><div class=\"wpforms-field-row wpforms-field-large\"><div class=\"wpforms-field-row-block wpforms-first wpforms-one-half\"><input type=\"text\" id=\"wpforms-4443-field_1\" class=\"wpforms-field-name-first wpforms-field-required\" name=\"wpforms[fields][1][first]\" required><label for=\"wpforms-4443-field_1\" class=\"wpforms-field-sublabel after\">Pr\u00e9nom<\/label><\/div><div class=\"wpforms-field-row-block wpforms-one-half\"><input type=\"text\" id=\"wpforms-4443-field_1-last\" class=\"wpforms-field-name-last wpforms-field-required\" name=\"wpforms[fields][1][last]\" required><label for=\"wpforms-4443-field_1-last\" class=\"wpforms-field-sublabel after\">Nom<\/label><\/div><\/div><\/div><div id=\"wpforms-4443-field_2-container\" class=\"wpforms-field wpforms-field-text\" data-field-id=\"2\"><label class=\"wpforms-field-label\" for=\"wpforms-4443-field_2\">Nom d'utilisateur <span class=\"wpforms-required-label\">*<\/span><\/label><input type=\"text\" id=\"wpforms-4443-field_2\" class=\"wpforms-field-large wpforms-field-required\" name=\"wpforms[fields][2]\" required><\/div><div id=\"wpforms-4443-field_3-container\" class=\"wpforms-field wpforms-field-email\" data-field-id=\"3\"><label class=\"wpforms-field-label\" for=\"wpforms-4443-field_3\">Courriel <span class=\"wpforms-required-label\">*<\/span><\/label><input type=\"email\" id=\"wpforms-4443-field_3\" class=\"wpforms-field-large wpforms-field-required\" name=\"wpforms[fields][3]\" required><\/div><div id=\"wpforms-4443-field_8-container\" class=\"wpforms-field wpforms-field-url\" data-field-id=\"8\"><label class=\"wpforms-field-label\" for=\"wpforms-4443-field_8\">Site web \/ URL <span class=\"wpforms-required-label\">*<\/span><\/label><input type=\"url\" id=\"wpforms-4443-field_8\" class=\"wpforms-field-large wpforms-field-required\" name=\"wpforms[fields][8]\" required><\/div><div id=\"wpforms-4443-field_4-container\" class=\"wpforms-field wpforms-field-password\" data-field-id=\"4\"><label class=\"wpforms-field-label\" for=\"wpforms-4443-field_4\">Mot de passe <span class=\"wpforms-required-label\">*<\/span><\/label><div class=\"wpforms-field-row wpforms-field-large\"><div class=\"wpforms-field-row-block wpforms-one-half wpforms-first\"><input type=\"password\" id=\"wpforms-4443-field_4\" class=\"wpforms-field-required wpforms-field-password-primary\" name=\"wpforms[fields][4][primary]\" required><label for=\"wpforms-4443-field_4\" class=\"wpforms-field-sublabel after\">Mot de passe<\/label><\/div><div class=\"wpforms-field-row-block wpforms-one-half\"><input type=\"password\" id=\"wpforms-4443-field_4-secondary\" class=\"wpforms-field-password-secondary wpforms-field-required\" data-rule-confirm=\"#wpforms-4443-field_4\" name=\"wpforms[fields][4][secondary]\" required><label for=\"wpforms-4443-field_4-secondary\" class=\"wpforms-field-sublabel after\">Confirmer le mot de passe<\/label><\/div><\/div><\/div><div id=\"wpforms-4443-field_6-container\" class=\"wpforms-field wpforms-field-address\" data-field-id=\"6\"><label class=\"wpforms-field-label\" for=\"wpforms-4443-field_6\">Adresse <span class=\"wpforms-required-label\">*<\/span><\/label><div class=\"wpforms-field-row wpforms-field-large\"><div ><input type=\"text\" id=\"wpforms-4443-field_6\" class=\"wpforms-field-address-address1 wpforms-field-required\" name=\"wpforms[fields][6][address1]\" placeholder=\"Strase\" required><label for=\"wpforms-4443-field_6\" class=\"wpforms-field-sublabel after wpforms-sublabel-hide\">Adresse ligne\u00a01<\/label><\/div><\/div><div class=\"wpforms-field-row wpforms-field-large\"><div class=\"wpforms-field-row-block wpforms-one-half wpforms-first\"><input type=\"text\" id=\"wpforms-4443-field_6-city\" class=\"wpforms-field-address-city wpforms-field-required\" name=\"wpforms[fields][6][city]\" placeholder=\"Lieu\" required><label for=\"wpforms-4443-field_6-city\" class=\"wpforms-field-sublabel after wpforms-sublabel-hide\">Ville<\/label><\/div><div class=\"wpforms-field-row-block wpforms-one-half\"><input type=\"text\" id=\"wpforms-4443-field_6-state\" class=\"wpforms-field-address-state wpforms-field-required\" name=\"wpforms[fields][6][state]\" placeholder=\"R\u00e9gion\" required><label for=\"wpforms-4443-field_6-state\" class=\"wpforms-field-sublabel after wpforms-sublabel-hide\">\u00c9tat \/ Province \/ R\u00e9gion<\/label><\/div><\/div><div class=\"wpforms-field-row wpforms-field-large\"><div class=\"wpforms-field-row-block wpforms-one-half wpforms-first\"><input type=\"text\" id=\"wpforms-4443-field_6-postal\" class=\"wpforms-field-address-postal wpforms-field-required\" name=\"wpforms[fields][6][postal]\" placeholder=\"POSTCODE\" required><label for=\"wpforms-4443-field_6-postal\" class=\"wpforms-field-sublabel after wpforms-sublabel-hide\">Code postal<\/label><\/div><div class=\"wpforms-field-row-block wpforms-one-half\"><select id=\"wpforms-4443-field_6-country\" class=\"wpforms-field-address-country wpforms-field-required\" name=\"wpforms[fields][6][country]\" value=\"Schweiz\" required><option value=\"AF\" >Afghanistan<\/option><option value=\"ZA\" >Afrique du Sud<\/option><option value=\"AL\" >Albanie<\/option><option value=\"DZ\" >Alg\u00e9rie<\/option><option value=\"DE\" >Allemagne<\/option><option value=\"AD\" >Andorre<\/option><option value=\"AO\" >Angola<\/option><option value=\"AI\" >Anguilla<\/option><option value=\"AQ\" >Antarctique<\/option><option value=\"AG\" >Antigua-et-Barbuda<\/option><option value=\"SA\" >Arabe saoudite<\/option><option value=\"AR\" >Argentine<\/option><option value=\"AM\" >Arm\u00e9nie<\/option><option value=\"AW\" >Aruba<\/option><option value=\"AU\" >Australie<\/option><option value=\"AT\" >Autriche<\/option><option value=\"AZ\" >Azerba\u00efdjan<\/option><option value=\"BS\" >Bahamas<\/option><option value=\"BH\" >Bahre\u00efn<\/option><option value=\"BD\" >Bangladesh<\/option><option value=\"BB\" >Barbade<\/option><option value=\"BE\" >Belgique<\/option><option value=\"BZ\" >Belize<\/option><option value=\"BM\" >Bermudes<\/option><option value=\"BT\" >Bhoutan<\/option><option value=\"BY\" >Bi\u00e9lorussie<\/option><option value=\"BO\" >Bolivie (\u00c9tat plurinational de)<\/option><option value=\"BQ\" >Bonaire, Saint-Eustache et Saba<\/option><option value=\"BA\" >Bosnie-Herz\u00e9govine<\/option><option value=\"BW\" >Botswana<\/option><option value=\"BR\" >Br\u00e9sil<\/option><option value=\"BG\" >Bulgarie<\/option><option value=\"BF\" >Burkina Faso<\/option><option value=\"BI\" >Burundi<\/option><option value=\"BJ\" >B\u00e9nin<\/option><option value=\"KH\" >Cambodge<\/option><option value=\"CM\" >Cameroun<\/option><option value=\"CA\" >Canada<\/option><option value=\"CV\" >Cap-Vert<\/option><option value=\"CL\" >Chili<\/option><option value=\"CN\" >Chine<\/option><option value=\"CY\" >Chypre<\/option><option value=\"CO\" >Colombie<\/option><option value=\"KM\" >Comores<\/option><option value=\"CG\" >Congo<\/option><option value=\"CD\" >Congo (R\u00e9publique d\u00e9mocratique du)<\/option><option value=\"KR\" >Cor\u00e9e (R\u00e9publique de)<\/option><option value=\"KP\" >Cor\u00e9e (R\u00e9publique populaire d\u00e9mocratique de)<\/option><option value=\"CR\" >Costa Rica<\/option><option value=\"HR\" >Croatie<\/option><option value=\"CU\" >Cuba<\/option><option value=\"CW\" >Cura\u00e7ao<\/option><option value=\"CI\" >C\u00f4te d'Ivoire<\/option><option value=\"DK\" >Danemark<\/option><option value=\"DJ\" >Djibouti<\/option><option value=\"DM\" >Dominique<\/option><option value=\"ES\" >Espagne<\/option><option value=\"EE\" >Estonie<\/option><option value=\"SZ\" >Eswatini (Royaume de)<\/option><option value=\"FJ\" >Fidji<\/option><option value=\"FI\" >Finlande<\/option><option value=\"FR\" >France<\/option><option value=\"RU\" >F\u00e9d\u00e9ration de Russie<\/option><option value=\"GA\" >Gabon<\/option><option value=\"GM\" >Gambie<\/option><option value=\"GH\" >Ghana<\/option><option value=\"GI\" >Gibraltar<\/option><option value=\"GD\" >Grenade<\/option><option value=\"GL\" >Groenland<\/option><option value=\"GR\" >Gr\u00e8ce<\/option><option value=\"GP\" >Guadeloupe<\/option><option value=\"GU\" >Guam<\/option><option value=\"GT\" >Guatemala<\/option><option value=\"GG\" >Guernesey<\/option><option value=\"GN\" >Guin\u00e9e<\/option><option value=\"GQ\" >Guin\u00e9e \u00e9quatoriale<\/option><option value=\"GW\" >Guin\u00e9e-Bissau<\/option><option value=\"GF\" >Guyane<\/option><option value=\"GY\" >Guyane<\/option><option value=\"GE\" >G\u00e9orgie<\/option><option value=\"GS\" >G\u00e9orgie du Sud et \u00eeles Sandwich du Sud<\/option><option value=\"HT\" >Ha\u00efti<\/option><option value=\"HN\" >Honduras<\/option><option value=\"HK\" >Hong Kong<\/option><option value=\"HU\" >Hongrie<\/option><option value=\"IN\" >Inde<\/option><option value=\"ID\" >Indon\u00e9sie<\/option><option value=\"IQ\" >Irak<\/option><option value=\"IR\" >Iran (R\u00e9publique islamique d\u2019)<\/option><option value=\"IE\" >Irlande (R\u00e9publique d')<\/option><option value=\"IS\" >Islande<\/option><option value=\"IL\" >Isra\u00ebl<\/option><option value=\"IT\" >Italien<\/option><option value=\"JM\" >Jama\u00efque<\/option><option value=\"JP\" >Japon<\/option><option value=\"JE\" >Jersey<\/option><option value=\"JO\" >Jordanie<\/option><option value=\"KZ\" >Kazakhstan<\/option><option value=\"KE\" >Kenya<\/option><option value=\"KG\" >Kirghizistan<\/option><option value=\"KI\" >Kiribati<\/option><option value=\"XK\" >Kosovo<\/option><option value=\"KW\" >Kowe\u00eft<\/option><option value=\"RE\" >R\u00e9union<\/option><option value=\"LS\" >Lesotho<\/option><option value=\"LV\" >Lettonie<\/option><option value=\"LB\" >Liban<\/option><option value=\"LR\" >Liberia<\/option><option value=\"LY\" >Libye<\/option><option value=\"LI\" >Liechtenstein<\/option><option value=\"LT\" >Lituanie<\/option><option value=\"LU\" >Luxembourg<\/option><option value=\"MO\" >Macao<\/option><option value=\"MK\" >Mac\u00e9doine du Nord (R\u00e9publique de)<\/option><option value=\"MG\" >Madagascar<\/option><option value=\"MY\" >Malais<\/option><option value=\"MW\" >Malawi<\/option><option value=\"MV\" >Maldives<\/option><option value=\"ML\" >Mali<\/option><option value=\"MT\" >Malte<\/option><option value=\"MA\" >Maroc<\/option><option value=\"MQ\" >Martinique<\/option><option value=\"MR\" >Mauritanie<\/option><option value=\"YT\" >Mayotte<\/option><option value=\"MX\" >Mexique<\/option><option value=\"FM\" >Micron\u00e9sie (\u00c9tats f\u00e9d\u00e9r\u00e9s de)<\/option><option value=\"MD\" >Moldavie (R\u00e9publique de)<\/option><option value=\"MC\" >Monaco<\/option><option value=\"MN\" >Mongol<\/option><option value=\"MS\" >Montserrat<\/option><option value=\"ME\" >Mont\u00e9n\u00e9gro<\/option><option value=\"MZ\" >Mozambique<\/option><option value=\"MM\" >Myanmar<\/option><option value=\"NA\" >Namibie<\/option><option value=\"NR\" >Nauru<\/option><option value=\"BN\" >Negara Brunei Darussalam<\/option><option value=\"NI\" >Nicaragua<\/option><option value=\"NE\" >Niger<\/option><option value=\"NG\" >Nig\u00e9ria<\/option><option value=\"NU\" >Niue<\/option><option value=\"NO\" >Norv\u00e8ge<\/option><option value=\"NC\" >Nouvelle-Cal\u00e9donie<\/option><option value=\"NZ\" >Nouvelle-Z\u00e9lande<\/option><option value=\"NP\" >N\u00e9pal<\/option><option value=\"OM\" >Oman<\/option><option value=\"UG\" >Ouganda<\/option><option value=\"UZ\" >Ouzb\u00e9kistan<\/option><option value=\"PK\" >Pakistan<\/option><option value=\"PW\" >Palau<\/option><option value=\"PS\" >Palestine (\u00c9tat de)<\/option><option value=\"PA\" >Panama<\/option><option value=\"PG\" >Papouasie-Nouvelle-Guin\u00e9e<\/option><option value=\"PY\" >Paraguay<\/option><option value=\"NL\" >Pays-Bas<\/option><option value=\"PH\" >Philippines<\/option><option value=\"PL\" >Pologne<\/option><option value=\"PF\" >Polyn\u00e9sie fran\u00e7aise<\/option><option value=\"PR\" >Porto Rico<\/option><option value=\"PT\" >Portugal<\/option><option value=\"PE\" >P\u00e9rou<\/option><option value=\"QA\" >Qatar<\/option><option value=\"RO\" >Roumanie<\/option><option value=\"GB\" >Royaume-Uni de Grande-Bretagne et d'Irlande du Nord<\/option><option value=\"RW\" >Rwanda<\/option><option value=\"SY\" >R\u00e9publique arabe syrienne<\/option><option value=\"CF\" >R\u00e9publique centrafricaine<\/option><option value=\"DO\" >R\u00e9publique dominicaine<\/option><option value=\"LA\" >R\u00e9publique d\u00e9mocratique populaire du Laos<\/option><option value=\"CZ\" >R\u00e9publique tch\u00e8que<\/option><option value=\"EH\" >Sahara occidental<\/option><option value=\"BL\" >Saint Barth\u00e9lemy<\/option><option value=\"PM\" >Saint Pierre et Miquelon<\/option><option value=\"KN\" >Saint-Christophe-et-Nevis<\/option><option value=\"SM\" >Saint-Marin<\/option><option value=\"MF\" >Saint-Martin (partie fran\u00e7aise)<\/option><option value=\"VC\" >Saint Vincent et les Grenadines<\/option><option value=\"SH\" >Sainte-H\u00e9l\u00e8ne, Ascension et Tristan da Cunha<\/option><option value=\"LC\" >Sainte-Lucie<\/option><option value=\"SV\" >Salvador<\/option><option value=\"WS\" >Samoa<\/option><option value=\"AS\" >Samoa am\u00e9ricaines<\/option><option value=\"ST\" >Sao Thom\u00e9 et Principe<\/option><option value=\"RS\" >Serbie<\/option><option value=\"SC\" >Seychelles<\/option><option value=\"SL\" >Sierra Leone<\/option><option value=\"SG\" >Singapour<\/option><option value=\"SX\" >Sint Maarten (partie hollandaise)<\/option><option value=\"SK\" >Slovaquie<\/option><option value=\"SI\" >Slov\u00e9nie<\/option><option value=\"SO\" >Somalie<\/option><option value=\"SD\" >Soudan<\/option><option value=\"SS\" >Soudan du Sud<\/option><option value=\"LK\" >Sri Lanka<\/option><option value=\"CH\" >Suisse<\/option><option value=\"SR\" >Surinam<\/option><option value=\"SE\" >Su\u00e8de<\/option><option value=\"SN\" >S\u00e9n\u00e9gal<\/option><option value=\"TJ\" >Tadjikistan<\/option><option value=\"TW\" >Taiwan, R\u00e9publique de Chine<\/option><option value=\"TZ\" >Tanzanie (R\u00e9publique-Unie de)<\/option><option value=\"TD\" >Tchad<\/option><option value=\"TF\" >Fauvette franco-australienne<\/option><option value=\"IO\" >Territoire britannique de l'oc\u00e9an Inde<\/option><option value=\"TH\" >Tha\u00eflande<\/option><option value=\"TL\" >Timor Oriental<\/option><option value=\"TG\" >Togo<\/option><option value=\"TK\" >Tokelau<\/option><option value=\"TO\" >Tonga<\/option><option value=\"TT\" >Trinit\u00e9 et Tobago<\/option><option value=\"TN\" >Tunisie<\/option><option value=\"TR\" >Turkey<\/option><option value=\"TM\" >Turkm\u00e9nistan<\/option><option value=\"TV\" >Tuvalu<\/option><option value=\"UA\" >Ukraine<\/option><option value=\"UY\" >Uruguay<\/option><option value=\"VU\" >Vanuatu<\/option><option value=\"VE\" >Venezuela (R\u00e9publique bolivarienne du)<\/option><option value=\"VN\" >Vietnam<\/option><option value=\"WF\" >Wallis et Futuna<\/option><option value=\"YE\" >Y\u00e9men<\/option><option value=\"ZM\" >Zambie<\/option><option value=\"ZW\" >Zimbabwe<\/option><option value=\"EG\" >\u00c9gypte<\/option><option value=\"AE\" >\u00c9mirats arabes unis<\/option><option value=\"EC\" >\u00c9quateur<\/option><option value=\"ER\" >\u00c9rythr\u00e9e<\/option><option value=\"VA\" >\u00c9tat de la cit\u00e9 du Vatican<\/option><option value=\"US\" >\u00c9tats-Unis d'Am\u00e9rique<\/option><option value=\"ET\" >\u00c9thiopie<\/option><option value=\"BV\" >\u00cele Bouvet<\/option><option value=\"CX\" >\u00cele Christmas<\/option><option value=\"MU\" >\u00cele Maurice<\/option><option value=\"NF\" >Ile Norfolk<\/option><option value=\"IM\" >Ile de Man<\/option><option value=\"KY\" >\u00celes Ca\u00efmans<\/option><option value=\"CC\" >\u00celes Cocos (Keeling)<\/option><option value=\"CK\" >\u00celes Cook<\/option><option value=\"FK\" >\u00celes Malouines (Malvinas)<\/option><option value=\"FO\" >Iles F\u00e9ro\u00e9<\/option><option value=\"HM\" >\u00celes Heard et McDonald<\/option><option value=\"MP\" >Iles Mariannes du Nord<\/option><option value=\"MH\" >\u00celes Marshall<\/option><option value=\"PN\" >Iles Pitcairn<\/option><option value=\"SB\" >\u00celes Salomon<\/option><option value=\"TC\" >Iles Turques et Ca\u00efques<\/option><option value=\"VI\" >\u00celes Vierges (Am\u00e9ricaines)<\/option><option value=\"VG\" >\u00celes Vierges (Britanniques)<\/option><option value=\"SJ\" >\u00celes de Svalbard et Jan Mayen<\/option><option value=\"UM\" >\u00celes mineures am\u00e9ricaines<\/option><option value=\"AX\" >\u00celes \u00c5land<\/option><\/select><label for=\"wpforms-4443-field_6-country\" class=\"wpforms-field-sublabel after wpforms-sublabel-hide\">Pays<\/label><\/div><\/div><\/div><div id=\"wpforms-4443-field_7-container\" class=\"wpforms-field wpforms-field-textarea\" data-field-id=\"7\"><label class=\"wpforms-field-label\" for=\"wpforms-4443-field_7\">Pourquoi voulez-vous devenir revendeur ? <span class=\"wpforms-required-label\">*<\/span><\/label><textarea id=\"wpforms-4443-field_7\" class=\"wpforms-field-medium wpforms-field-required\" name=\"wpforms[fields][7]\" required><\/textarea><\/div><\/div><div class=\"wpforms-submit-container\"><input type=\"hidden\" name=\"wpforms[id]\" value=\"4443\"><input type=\"hidden\" name=\"wpforms[author]\" value=\"24\"><button type=\"submit\" name=\"wpforms[submit]\" id=\"wpforms-submit-4443\" class=\"wpforms-submit\" aria-live=\"assertive\" value=\"wpforms-submit\">Demande de compte de revendeur<\/button><\/div><input type=\"hidden\" name=\"trp-form-language\" value=\"fr\"\/><\/form><\/div>  <!-- .wpforms-container -->            <\/div>\n\t\t<\/div>\n\t\t\t\t<\/div>\n\t\t\t\t<div class=\"elementor-element elementor-element-0b8ad51 elementor-widget elementor-widget-text-editor\" data-id=\"0b8ad51\" data-element_type=\"widget\" data-widget_type=\"text-editor.default\">\n\t\t\t\t<div class=\"elementor-widget-container\">\n\t\t\t\t\t\t\t<p>Vous avez d\u00e9j\u00e0 un compte ?<\/p>\t\t\t\t\t\t<\/div>\n\t\t\t\t<\/div>\n\t\t\t\t<div class=\"elementor-element elementor-element-d23143e elementor-align-center elementor-widget elementor-widget-button\" data-id=\"d23143e\" data-element_type=\"widget\" data-widget_type=\"button.default\">\n\t\t\t\t<div class=\"elementor-widget-container\">\n\t\t\t\t\t<div class=\"elementor-button-wrapper\">\n\t\t\t<a class=\"elementor-button elementor-button-link elementor-size-sm\" href=\"http:\/\/b2b.radius-delta.com\/fr\/login\/\">\n\t\t\t\t\t\t<span class=\"elementor-button-content-wrapper\">\n\t\t\t\t\t\t\t\t\t<span class=\"elementor-button-text\">S'inscrire maintenant<\/span>\n\t\t\t\t\t<\/span>\n\t\t\t\t\t<\/a>\n\t\t<\/div>\n\t\t\t\t<\/div>\n\t\t\t\t<\/div>\n\t\t\t\t\t<\/div>\n\t\t<\/div>\n\t\t\t\t<div class=\"elementor-column elementor-col-25 elementor-top-column elementor-element elementor-element-ff047c4\" data-id=\"ff047c4\" data-element_type=\"column\">\n\t\t\t<div class=\"elementor-widget-wrap\">\n\t\t\t\t\t\t\t<\/div>\n\t\t<\/div>\n\t\t\t\t\t<\/div>\n\t\t<\/section>\n\t\t\t\t<\/div>","protected":false},"excerpt":{"rendered":"<p>Bitte aktiviere JavaScript in deinem Browser, um dieses Formular fertigzustellen.Name *VornameNachnameBenutzername *E-Mail *Passwort *PasswortPasswort best\u00e4tigenAddressAddress Line 1Address Line 2CityState \/ Province \/ RegionPostal CodeAfghanistanAlbanienAlgerienAmerikanisch-SamoaAmerikanische JungferninselnAndorraAngolaAnguillaAntarktisAntigua und BarbudaArgentinienArmenienArubaAserbaidschanAustralienBahamasBahrainBangladeshBarbadosBelgienBelizeBeninBermudaBhutanBolivien (Plurinationaler Staat)Bosnien und HerzegowinaBotswanaBouvetinselBrasilienBritische JungferninselnBritisches Territorium im Indischen OzeanBrunei DarussalamBulgarienBurkina FasoBurundiCabo VerdeCaymen InselnChileChinaCookinselnCosta RicaCura\u00e7aoC\u00f4te d&#039;IvoireDemokratische Volksrepublik LaosDeutschlandDjiboutiDominicaDominikanische RepublikD\u00e4nemarkEcuadorEl SalvadorEritreaEstlandEswatini (Kingdom of)Falklandinseln (Malwinen)FidschiFinnlandFrankreichFranz\u00f6sisch-GuayanaFranz\u00f6sisch-PolynesienFranz\u00f6sische S\u00fcd- und AntarktisgebieteFutuna (Wallis und Futuna)F\u00e4r\u00f6er-InselnGabunGambiaGeorgiaGhanaGibraltarGrenadaGriechenlandGr\u00f6nlandGuadeloupeGuamGuatemalaGuernseyGuineaGuinea-BissauGuyanaHaitiHeard [&hellip;]<\/p>","protected":false},"author":24,"featured_media":0,"parent":0,"menu_order":0,"comment_status":"closed","ping_status":"closed","template":"","meta":{"footnotes":""},"class_list":["post-4444","page","type-page","status-publish","hentry"],"_links":{"self":[{"href":"http:\/\/b2b.radius-delta.com\/fr\/wp-json\/wp\/v2\/pages\/4444","targetHints":{"allow":["GET"]}}],"collection":[{"href":"http:\/\/b2b.radius-delta.com\/fr\/wp-json\/wp\/v2\/pages"}],"about":[{"href":"http:\/\/b2b.radius-delta.com\/fr\/wp-json\/wp\/v2\/types\/page"}],"author":[{"embeddable":true,"href":"http:\/\/b2b.radius-delta.com\/fr\/wp-json\/wp\/v2\/users\/24"}],"replies":[{"embeddable":true,"href":"http:\/\/b2b.radius-delta.com\/fr\/wp-json\/wp\/v2\/comments?post=4444"}],"version-history":[{"count":22,"href":"http:\/\/b2b.radius-delta.com\/fr\/wp-json\/wp\/v2\/pages\/4444\/revisions"}],"predecessor-version":[{"id":4711,"href":"http:\/\/b2b.radius-delta.com\/fr\/wp-json\/wp\/v2\/pages\/4444\/revisions\/4711"}],"wp:attachment":[{"href":"http:\/\/b2b.radius-delta.com\/fr\/wp-json\/wp\/v2\/media?parent=4444"}],"curies":[{"name":"wp","href":"https:\/\/api.w.org\/{rel}","templated":true}]}}